{"id":499,"date":"2023-10-05T12:39:37","date_gmt":"2023-10-05T12:39:37","guid":{"rendered":"https:\/\/www.salitrenautica.com\/?page_id=499"},"modified":"2023-10-05T12:42:55","modified_gmt":"2023-10-05T12:42:55","slug":"declaracion-de-accesibilidad","status":"publish","type":"page","link":"https:\/\/www.salitrenautica.com\/index.php\/declaracion-de-accesibilidad\/","title":{"rendered":"Declaraci\u00f3n de Accesibilidad"},"content":{"rendered":"<style><\/style>\t\t<div data-elementor-type=\"wp-page\" data-elementor-id=\"499\" class=\"elementor elementor-499\" data-elementor-post-type=\"page\">\n\t\t\t\t\t\t<section class=\"elementor-section elementor-top-section elementor-element elementor-element-1dc1092 elementor-section-boxed elementor-section-height-default elementor-section-height-default\" data-id=\"1dc1092\" data-element_type=\"section\" data-e-type=\"section\">\n\t\t\t\t\t\t<div class=\"elementor-container elementor-column-gap-default\">\n\t\t\t\t\t<div class=\"elementor-column elementor-col-100 elementor-top-column elementor-element elementor-element-676c6f5\" data-id=\"676c6f5\" data-element_type=\"column\" data-e-type=\"column\">\n\t\t\t<div class=\"elementor-widget-wrap elementor-element-populated\">\n\t\t\t\t\t\t<div class=\"elementor-element elementor-element-9c700cc elementor-widget elementor-widget-text-editor\" data-id=\"9c700cc\" data-element_type=\"widget\" data-e-type=\"widget\" data-widget_type=\"text-editor.default\">\n\t\t\t\t<div class=\"elementor-widget-container\">\n\t\t\t\t\t\t\t\t\t<header>\n<p><strong>Pol\u00edtica de accesibilidad<\/strong><\/p>\n<p>La empresa Carlos Villar Freire se ha comprometido a hacer accesible su sitio web de conformidad con el Real Decreto 1112\/2018, de 7 de septiembre, sobre accesibilidad de los sitios web y aplicaciones para dispositivos m\u00f3viles del sector p\u00fablico, o desarrollos financiados desde Europa.<br>La presente declaraci\u00f3n de accesibilidad se aplica al sitio web&nbsp;https:\/\/salitrenautica.com excluyendo los contenidos incrustados provenientes de otros dominios.<\/p>\n<p><strong>Situaci\u00f3n de cumplimiento<\/strong><br>Este sitio web es Parcialmente conforme con el RD 1112\/2018 debido a la falta de conformidad de los aspectos que se indican a continuaci\u00f3n.<\/p>\n<p><strong>Contenido no accesible<\/strong><br>El contenido que se recoge a continuaci\u00f3n no es accesible por los siguientes motivos:<\/p>\n<ul>\n<li>Falta de conformidad:\n<ul>\n<li>Pueden existir algunas im\u00e1genes cuya alternativa no est\u00e9 implementada o no sea correcta \u2013 \u2013 Requisito 9.1.1.1 Contenido no textual UNE-EN 301549:2022<\/li>\n<li>Puede haber elementos cuyo contraste no sea el suficiente en algunas p\u00e1ginas \u2013 Requisito 9.1.4.3 Contraste UNE-EN 301549:2020<\/li>\n<li>Podr\u00edan existir fallos puntuales de edici\u00f3n en alguna p\u00e1gina web.<\/li>\n<\/ul>\n<\/li>\n<li>Carga desproporcionada: No resulta aplicable.<\/li>\n<li>El contenido no entra dentro del \u00e1mbito de la legislaci\u00f3n aplicable.<\/li>\n<\/ul>\n<p>Podr\u00edan existir archivos ofim\u00e1ticos en PDF u otros formatos publicados antes del 20 de septiembre de 2018 que no cumplan en su totalidad todos los requisitos de accesibilidad.\u2028Puede haber contenidos de terceros que no est\u00e9n desarrollados en esta Unidad, ni bajo su control, como archivos ofim\u00e1ticos de diferentes organismos que deban publicarse en este sitio.<\/p>\n<p><strong>Observaciones y datos de contacto<\/strong><br>Puede realizar comunicaciones sobre requisitos de accesibilidad [art\u00edculo 10.2.a) del RD 1112\/2018] como, por ejemplo:<\/p>\n<ul>\n<li>Informar sobre cualquier posible incumplimiento por parte de este sitio web.<\/li>\n<li>Transmitir otras dificultades de acceso al contenido.<\/li>\n<\/ul><p><p><ul><li>Formular cualquier otra consulta o sugerencia de mejora relativa a la accesibilidad del sitio web a trav\u00e9s del siguiente formulario de&nbsp;<a href=\"https:\/\/www.salitrenautica.com\/index.php\/contact\/\">contacto<\/a>&nbsp;o llamando al tel\u00e9fono&nbsp;<span style=\"color: rgb(0, 0, 0); font-family: &quot;Helvetica Neue&quot;; font-size: 20px;\">622412134<\/span>&nbsp;de 9 a 14 horas de lunes a viernes.<\/li><\/ul><\/p><\/p>\n<p>Puede presentar:<\/p>\n<ul>\n<li>Una queja relativa al cumplimiento de los requisitos del RD 1112\/2018<\/li>\n<li>Una solicitud de informaci\u00f3n accesible relativa a:\n<ul>\n<li>Contenidos que est\u00e1n excluidos del \u00e1mbito de aplicaci\u00f3n del RD 1112\/2018 seg\u00fan lo establecido por el art\u00edculo 3, apartado 4.<\/li>\n<li>Contenidos que est\u00e1n exentos del cumplimiento de los requisitos de accesibilidad por imponer una carga desproporcionada.<\/li>\n<\/ul>\n<\/li>\n<\/ul>\n<p>En la solicitud de informaci\u00f3n accesible, se debe concretar, con toda claridad, los hechos, razones y petici\u00f3n que permitan constatar que se trata de una solicitud razonable y leg\u00edtima.<\/p>\n<\/header>\t\t\t\t\t\t\t\t<\/div>\n\t\t\t\t<\/div>\n\t\t\t\t\t<\/div>\n\t\t<\/div>\n\t\t\t\t\t<\/div>\n\t\t<\/section>\n\t\t\t\t<\/div>\n\t\t","protected":false},"excerpt":{"rendered":"<p>Pol\u00edtica de accesibilidad La empresa Carlos Villar Freire se ha comprometido a hacer accesible su sitio web de conformidad con el Real Decreto 1112\/2018, de 7 de septiembre, sobre accesibilidad de los sitios web y aplicaciones para dispositivos m\u00f3viles del sector p\u00fablico, o desarrollos financiados desde Europa.La presente declaraci\u00f3n de accesibilidad se aplica al sitio &#8230; <a title=\"Declaraci\u00f3n de Accesibilidad\" class=\"read-more\" href=\"https:\/\/www.salitrenautica.com\/index.php\/declaracion-de-accesibilidad\/\" aria-label=\"Leer m\u00e1s sobre Declaraci\u00f3n de Accesibilidad\">Leer m\u00e1s<\/a><\/p>\n","protected":false},"author":1,"featured_media":0,"parent":0,"menu_order":0,"comment_status":"closed","ping_status":"closed","template":"elementor_theme","meta":{"_joinchat":[],"footnotes":""},"class_list":["post-499","page","type-page","status-publish"],"yoast_head":"<!-- This site is optimized with the Yoast SEO plugin v27.2 - https:\/\/yoast.com\/product\/yoast-seo-wordpress\/ -->\n<title>Declaraci\u00f3n de Accesibilidad - Salitre N&aacute;utica<\/title>\n<meta name=\"robots\" content=\"index, follow, max-snippet:-1, max-image-preview:large, max-video-preview:-1\" \/>\n<link rel=\"canonical\" href=\"https:\/\/www.salitrenautica.com\/index.php\/declaracion-de-accesibilidad\/\" \/>\n<meta property=\"og:locale\" content=\"es_ES\" \/>\n<meta property=\"og:type\" content=\"article\" \/>\n<meta property=\"og:title\" content=\"Declaraci\u00f3n de Accesibilidad - Salitre N&aacute;utica\" \/>\n<meta property=\"og:description\" content=\"Pol\u00edtica de accesibilidad La empresa Carlos Villar Freire se ha comprometido a hacer accesible su sitio web de conformidad con el Real Decreto 1112\/2018, de 7 de septiembre, sobre accesibilidad de los sitios web y aplicaciones para dispositivos m\u00f3viles del sector p\u00fablico, o desarrollos financiados desde Europa.La presente declaraci\u00f3n de accesibilidad se aplica al sitio ... Leer m\u00e1s\" \/>\n<meta property=\"og:url\" content=\"https:\/\/www.salitrenautica.com\/index.php\/declaracion-de-accesibilidad\/\" \/>\n<meta property=\"og:site_name\" content=\"Salitre N&aacute;utica\" \/>\n<meta property=\"article:modified_time\" content=\"2023-10-05T12:42:55+00:00\" \/>\n<meta name=\"twitter:card\" content=\"summary_large_image\" \/>\n<meta name=\"twitter:label1\" content=\"Tiempo de lectura\" \/>\n\t<meta name=\"twitter:data1\" content=\"2 minutos\" \/>\n<script type=\"application\/ld+json\" class=\"yoast-schema-graph\">{\"@context\":\"https:\/\/schema.org\",\"@graph\":[{\"@type\":\"WebPage\",\"@id\":\"https:\/\/www.salitrenautica.com\/index.php\/declaracion-de-accesibilidad\/\",\"url\":\"https:\/\/www.salitrenautica.com\/index.php\/declaracion-de-accesibilidad\/\",\"name\":\"Declaraci\u00f3n de Accesibilidad - Salitre N&aacute;utica\",\"isPartOf\":{\"@id\":\"https:\/\/www.salitrenautica.com\/#website\"},\"datePublished\":\"2023-10-05T12:39:37+00:00\",\"dateModified\":\"2023-10-05T12:42:55+00:00\",\"breadcrumb\":{\"@id\":\"https:\/\/www.salitrenautica.com\/index.php\/declaracion-de-accesibilidad\/#breadcrumb\"},\"inLanguage\":\"es\",\"potentialAction\":[{\"@type\":\"ReadAction\",\"target\":[\"https:\/\/www.salitrenautica.com\/index.php\/declaracion-de-accesibilidad\/\"]}]},{\"@type\":\"BreadcrumbList\",\"@id\":\"https:\/\/www.salitrenautica.com\/index.php\/declaracion-de-accesibilidad\/#breadcrumb\",\"itemListElement\":[{\"@type\":\"ListItem\",\"position\":1,\"name\":\"Portada\",\"item\":\"https:\/\/www.salitrenautica.com\/\"},{\"@type\":\"ListItem\",\"position\":2,\"name\":\"Declaraci\u00f3n de Accesibilidad\"}]},{\"@type\":\"WebSite\",\"@id\":\"https:\/\/www.salitrenautica.com\/#website\",\"url\":\"https:\/\/www.salitrenautica.com\/\",\"name\":\"Salitre N&aacute;utica\",\"description\":\"Vida con sabor salado\",\"publisher\":{\"@id\":\"https:\/\/www.salitrenautica.com\/#organization\"},\"potentialAction\":[{\"@type\":\"SearchAction\",\"target\":{\"@type\":\"EntryPoint\",\"urlTemplate\":\"https:\/\/www.salitrenautica.com\/?s={search_term_string}\"},\"query-input\":{\"@type\":\"PropertyValueSpecification\",\"valueRequired\":true,\"valueName\":\"search_term_string\"}}],\"inLanguage\":\"es\"},{\"@type\":\"Organization\",\"@id\":\"https:\/\/www.salitrenautica.com\/#organization\",\"name\":\"Salitre N&aacute;utica\",\"url\":\"https:\/\/www.salitrenautica.com\/\",\"logo\":{\"@type\":\"ImageObject\",\"inLanguage\":\"es\",\"@id\":\"https:\/\/www.salitrenautica.com\/#\/schema\/logo\/image\/\",\"url\":\"https:\/\/i0.wp.com\/www.salitrenautica.com\/wp-content\/uploads\/2021\/05\/cropped-logo.png?fit=3240%2C1651&ssl=1\",\"contentUrl\":\"https:\/\/i0.wp.com\/www.salitrenautica.com\/wp-content\/uploads\/2021\/05\/cropped-logo.png?fit=3240%2C1651&ssl=1\",\"width\":3240,\"height\":1651,\"caption\":\"Salitre N&aacute;utica\"},\"image\":{\"@id\":\"https:\/\/www.salitrenautica.com\/#\/schema\/logo\/image\/\"}}]}<\/script>\n<!-- \/ Yoast SEO plugin. -->","yoast_head_json":{"title":"Declaraci\u00f3n de Accesibilidad - Salitre N&aacute;utica","robots":{"index":"index","follow":"follow","max-snippet":"max-snippet:-1","max-image-preview":"max-image-preview:large","max-video-preview":"max-video-preview:-1"},"canonical":"https:\/\/www.salitrenautica.com\/index.php\/declaracion-de-accesibilidad\/","og_locale":"es_ES","og_type":"article","og_title":"Declaraci\u00f3n de Accesibilidad - Salitre N&aacute;utica","og_description":"Pol\u00edtica de accesibilidad La empresa Carlos Villar Freire se ha comprometido a hacer accesible su sitio web de conformidad con el Real Decreto 1112\/2018, de 7 de septiembre, sobre accesibilidad de los sitios web y aplicaciones para dispositivos m\u00f3viles del sector p\u00fablico, o desarrollos financiados desde Europa.La presente declaraci\u00f3n de accesibilidad se aplica al sitio ... Leer m\u00e1s","og_url":"https:\/\/www.salitrenautica.com\/index.php\/declaracion-de-accesibilidad\/","og_site_name":"Salitre N&aacute;utica","article_modified_time":"2023-10-05T12:42:55+00:00","twitter_card":"summary_large_image","twitter_misc":{"Tiempo de lectura":"2 minutos"},"schema":{"@context":"https:\/\/schema.org","@graph":[{"@type":"WebPage","@id":"https:\/\/www.salitrenautica.com\/index.php\/declaracion-de-accesibilidad\/","url":"https:\/\/www.salitrenautica.com\/index.php\/declaracion-de-accesibilidad\/","name":"Declaraci\u00f3n de Accesibilidad - Salitre N&aacute;utica","isPartOf":{"@id":"https:\/\/www.salitrenautica.com\/#website"},"datePublished":"2023-10-05T12:39:37+00:00","dateModified":"2023-10-05T12:42:55+00:00","breadcrumb":{"@id":"https:\/\/www.salitrenautica.com\/index.php\/declaracion-de-accesibilidad\/#breadcrumb"},"inLanguage":"es","potentialAction":[{"@type":"ReadAction","target":["https:\/\/www.salitrenautica.com\/index.php\/declaracion-de-accesibilidad\/"]}]},{"@type":"BreadcrumbList","@id":"https:\/\/www.salitrenautica.com\/index.php\/declaracion-de-accesibilidad\/#breadcrumb","itemListElement":[{"@type":"ListItem","position":1,"name":"Portada","item":"https:\/\/www.salitrenautica.com\/"},{"@type":"ListItem","position":2,"name":"Declaraci\u00f3n de Accesibilidad"}]},{"@type":"WebSite","@id":"https:\/\/www.salitrenautica.com\/#website","url":"https:\/\/www.salitrenautica.com\/","name":"Salitre N&aacute;utica","description":"Vida con sabor salado","publisher":{"@id":"https:\/\/www.salitrenautica.com\/#organization"},"potentialAction":[{"@type":"SearchAction","target":{"@type":"EntryPoint","urlTemplate":"https:\/\/www.salitrenautica.com\/?s={search_term_string}"},"query-input":{"@type":"PropertyValueSpecification","valueRequired":true,"valueName":"search_term_string"}}],"inLanguage":"es"},{"@type":"Organization","@id":"https:\/\/www.salitrenautica.com\/#organization","name":"Salitre N&aacute;utica","url":"https:\/\/www.salitrenautica.com\/","logo":{"@type":"ImageObject","inLanguage":"es","@id":"https:\/\/www.salitrenautica.com\/#\/schema\/logo\/image\/","url":"https:\/\/i0.wp.com\/www.salitrenautica.com\/wp-content\/uploads\/2021\/05\/cropped-logo.png?fit=3240%2C1651&ssl=1","contentUrl":"https:\/\/i0.wp.com\/www.salitrenautica.com\/wp-content\/uploads\/2021\/05\/cropped-logo.png?fit=3240%2C1651&ssl=1","width":3240,"height":1651,"caption":"Salitre N&aacute;utica"},"image":{"@id":"https:\/\/www.salitrenautica.com\/#\/schema\/logo\/image\/"}}]}},"jetpack-related-posts":[],"jetpack_sharing_enabled":true,"_links":{"self":[{"href":"https:\/\/www.salitrenautica.com\/index.php\/wp-json\/wp\/v2\/pages\/499","targetHints":{"allow":["GET"]}}],"collection":[{"href":"https:\/\/www.salitrenautica.com\/index.php\/wp-json\/wp\/v2\/pages"}],"about":[{"href":"https:\/\/www.salitrenautica.com\/index.php\/wp-json\/wp\/v2\/types\/page"}],"author":[{"embeddable":true,"href":"https:\/\/www.salitrenautica.com\/index.php\/wp-json\/wp\/v2\/users\/1"}],"replies":[{"embeddable":true,"href":"https:\/\/www.salitrenautica.com\/index.php\/wp-json\/wp\/v2\/comments?post=499"}],"version-history":[{"count":4,"href":"https:\/\/www.salitrenautica.com\/index.php\/wp-json\/wp\/v2\/pages\/499\/revisions"}],"predecessor-version":[{"id":504,"href":"https:\/\/www.salitrenautica.com\/index.php\/wp-json\/wp\/v2\/pages\/499\/revisions\/504"}],"wp:attachment":[{"href":"https:\/\/www.salitrenautica.com\/index.php\/wp-json\/wp\/v2\/media?parent=499"}],"curies":[{"name":"wp","href":"https:\/\/api.w.org\/{rel}","templated":true}]}}